{"id":1449,"date":"2013-08-14T19:13:05","date_gmt":"2013-08-14T18:13:05","guid":{"rendered":"http:\/\/www.undressed-design.com\/canada\/?page_id=1449"},"modified":"2017-04-19T18:28:33","modified_gmt":"2017-04-19T17:28:33","slug":"carte-des-road-trip","status":"publish","type":"page","link":"http:\/\/www.undressed-design.com\/canada\/carte-des-road-trip\/","title":{"rendered":"Carte des \u00ab\u00a0Road Trip\u00a0\u00bb en Am\u00e9rique du Nord"},"content":{"rendered":"<p>Voici une petite carte interactive pour voir nos p\u00e9riples en dehors de notre point chute, <strong>Montr\u00e9al<\/strong>. Plus facile \u00e0 visualiser.<\/p>\n<p>&nbsp;<\/p>\n<p class=\"error\">Basic Google Maps Placemarks erreur\u00a0: les fichiers JavaScript et\/ou CSS n\u2019ont pas pu \u00eatre charg\u00e9s. SI vous utilisez la fonction do_shortcode(), vous devez d\u2019abord ajouter un filtre \u00e0 votre th\u00e8me. Voir <a href=\"http:\/\/wordpress.org\/extend\/plugins\/basic-google-maps-placemarks\/faq\/\">la FAQ<\/a> pour plus de d\u00e9tails.<\/p>\n<p>Pour tous les autres articles, il y a toujours les<a title=\"Archives\" href=\"http:\/\/www.undressed-design.com\/canada\/archives\/\"> archives<\/a>.<\/p>\n","protected":false},"excerpt":{"rendered":"<p>Voici une petite carte interactive pour voir nos p\u00e9riples en dehors de notre point chute, Montr\u00e9al. Plus facile \u00e0 visualiser. &nbsp; Pour tous les autres articles, il y a toujours les archives.<\/p>\n","protected":false},"author":1,"featured_media":0,"parent":0,"menu_order":0,"comment_status":"closed","ping_status":"closed","template":"","meta":{"footnotes":""},"_links":{"self":[{"href":"http:\/\/www.undressed-design.com\/canada\/wp-json\/wp\/v2\/pages\/1449"}],"collection":[{"href":"http:\/\/www.undressed-design.com\/canada\/wp-json\/wp\/v2\/pages"}],"about":[{"href":"http:\/\/www.undressed-design.com\/canada\/wp-json\/wp\/v2\/types\/page"}],"author":[{"embeddable":true,"href":"http:\/\/www.undressed-design.com\/canada\/wp-json\/wp\/v2\/users\/1"}],"replies":[{"embeddable":true,"href":"http:\/\/www.undressed-design.com\/canada\/wp-json\/wp\/v2\/comments?post=1449"}],"version-history":[{"count":13,"href":"http:\/\/www.undressed-design.com\/canada\/wp-json\/wp\/v2\/pages\/1449\/revisions"}],"predecessor-version":[{"id":2761,"href":"http:\/\/www.undressed-design.com\/canada\/wp-json\/wp\/v2\/pages\/1449\/revisions\/2761"}],"wp:attachment":[{"href":"http:\/\/www.undressed-design.com\/canada\/wp-json\/wp\/v2\/media?parent=1449"}],"curies":[{"name":"wp","href":"https:\/\/api.w.org\/{rel}","templated":true}]}}